{"id":40,"date":"2023-09-21T20:51:18","date_gmt":"2023-09-21T23:51:18","guid":{"rendered":"http:\/\/crechebetel.com.br\/?page_id=40"},"modified":"2024-04-10T22:17:47","modified_gmt":"2024-04-11T01:17:47","slug":"home","status":"publish","type":"page","link":"https:\/\/crechebetel.com.br\/","title":{"rendered":"Home"},"content":{"rendered":"\t\t<div data-elementor-type=\"wp-page\" data-elementor-id=\"40\" class=\"elementor elementor-40\">\n\t\t\t\t\t\t\t\t\t<section class=\"elementor-section elementor-top-section elementor-element elementor-element-2c102be elementor-section-boxed elementor-section-height-default elementor-section-height-default\" data-id=\"2c102be\" data-element_type=\"section\">\n\t\t\t\t\t\t<div class=\"elementor-container elementor-column-gap-default\">\n\t\t\t\t\t<div class=\"elementor-column elementor-col-100 elementor-top-column elementor-element elementor-element-ef4a215\" data-id=\"ef4a215\" data-element_type=\"column\">\n\t\t\t<div class=\"elementor-widget-wrap elementor-element-populated\">\n\t\t\t\t\t\t\t\t<div class=\"elementor-element elementor-element-f063ead elementor-widget elementor-widget-heading\" data-id=\"f063ead\" data-element_type=\"widget\" data-widget_type=\"heading.default\">\n\t\t\t\t<div class=\"elementor-widget-container\">\n\t\t\t<style>\/*! elementor - v3.15.0 - 20-08-2023 *\/\n.elementor-heading-title{padding:0;margin:0;line-height:1}.elementor-widget-heading .elementor-heading-title[class*=elementor-size-]>a{color:inherit;font-size:inherit;line-height:inherit}.elementor-widget-heading .elementor-heading-title.elementor-size-small{font-size:15px}.elementor-widget-heading .elementor-heading-title.elementor-size-medium{font-size:19px}.elementor-widget-heading .elementor-heading-title.elementor-size-large{font-size:29px}.elementor-widget-heading .elementor-heading-title.elementor-size-xl{font-size:39px}.elementor-widget-heading .elementor-heading-title.elementor-size-xxl{font-size:59px}<\/style><h2 class=\"elementor-heading-title elementor-size-xl\">Finalidade e objetivos da institui\u00e7\u00e3o<\/h2>\t\t<\/div>\n\t\t\t\t<\/div>\n\t\t\t\t\t<\/div>\n\t\t<\/div>\n\t\t\t\t\t\t\t<\/div>\n\t\t<\/section>\n\t\t\t\t<section class=\"elementor-section elementor-top-section elementor-element elementor-element-9de8cce elementor-section-boxed elementor-section-height-default elementor-section-height-default\" data-id=\"9de8cce\" data-element_type=\"section\">\n\t\t\t\t\t\t<div class=\"elementor-container elementor-column-gap-default\">\n\t\t\t\t\t<div class=\"elementor-column elementor-col-100 elementor-top-column elementor-element elementor-element-e5e0175\" data-id=\"e5e0175\" data-element_type=\"column\">\n\t\t\t<div class=\"elementor-widget-wrap elementor-element-populated\">\n\t\t\t\t\t\t\t\t<div class=\"elementor-element elementor-element-baf381e elementor-widget elementor-widget-text-editor\" data-id=\"baf381e\" data-element_type=\"widget\" data-widget_type=\"text-editor.default\">\n\t\t\t\t<div class=\"elementor-widget-container\">\n\t\t\t<style>\/*! elementor - v3.15.0 - 20-08-2023 *\/\n.elementor-widget-text-editor.elementor-drop-cap-view-stacked .elementor-drop-cap{background-color:#69727d;color:#fff}.elementor-widget-text-editor.elementor-drop-cap-view-framed .elementor-drop-cap{color:#69727d;border:3px solid;background-color:transparent}.elementor-widget-text-editor:not(.elementor-drop-cap-view-default) .elementor-drop-cap{margin-top:8px}.elementor-widget-text-editor:not(.elementor-drop-cap-view-default) .elementor-drop-cap-letter{width:1em;height:1em}.elementor-widget-text-editor .elementor-drop-cap{float:left;text-align:center;line-height:1;font-size:50px}.elementor-widget-text-editor .elementor-drop-cap-letter{display:inline-block}<\/style>\t\t\t\t<p>&nbsp; &nbsp;A Associa\u00e7\u00e3o Evang\u00e9lica Betel atua na procura de novas parcerias, doa\u00e7\u00f5es e conv\u00eanios, disponibilizando \u00e0 comunidade ensino de educa\u00e7\u00e3o infantil gratuito e atendimento social.<\/p>\n<p>&nbsp; &nbsp;Nosso objetivo \u00e9 comprovar a seriedade da participa\u00e7\u00e3o familiar na vida escolar da crian\u00e7a, formando cidad\u00e3os \u00e9ticos, conscientes e participativos. A proposta pedag\u00f3gica da creche Betel \u00e9 levar em conta, lei, diretrizes, bases da educa\u00e7\u00e3o nacional &#8211; LBD9.394\/96, a constitui\u00e7\u00e3o brasileira e o estatuto da crian\u00e7a e do adolescente ECA.<\/p>\n<p><\/p>\n<p>&nbsp; &nbsp;E baseado no referencial curricular nacional para educa\u00e7\u00e3o infantil e na BNCC, vivenciadas na primeira inf\u00e2ncia acreditando ser a educa\u00e7\u00e3o um direito da crian\u00e7a, a creche Betel, formula seu Projeto Pol\u00edtico Pedag\u00f3gico. Voltando para o atendimento das necessidades b\u00e1sicas de educa\u00e7\u00e3o, cuidado, amor, afeto e socializa\u00e7\u00e3o, numa a\u00e7\u00e3o complementar a educa\u00e7\u00e3o familiar e comunidade. Desta forma ampliando sua capacidade de descoberta e constru\u00e7\u00e3o de conhecimentos, dentro do objetivo a ser alcan\u00e7ado pela institui\u00e7\u00e3o, queremos uma escola solid\u00e1ria que atende as necessidades das crian\u00e7as e comunidade, para prestar um atendimento de qualidade.<\/p>\n<p><\/p>\t\t\t\t\t\t<\/div>\n\t\t\t\t<\/div>\n\t\t\t\t\t<\/div>\n\t\t<\/div>\n\t\t\t\t\t\t\t<\/div>\n\t\t<\/section>\n\t\t\t\t<section class=\"elementor-section elementor-top-section elementor-element elementor-element-7a141d9 elementor-section-boxed elementor-section-height-default elementor-section-height-default\" data-id=\"7a141d9\" data-element_type=\"section\">\n\t\t\t\t\t\t<div class=\"elementor-container elementor-column-gap-default\">\n\t\t\t\t\t<div class=\"elementor-column elementor-col-100 elementor-top-column elementor-element elementor-element-b7fc37c\" data-id=\"b7fc37c\" data-element_type=\"column\">\n\t\t\t<div class=\"elementor-widget-wrap elementor-element-populated\">\n\t\t\t\t\t\t\t\t<div class=\"elementor-element elementor-element-e530772 elementor-widget elementor-widget-heading\" data-id=\"e530772\" data-element_type=\"widget\" data-widget_type=\"heading.default\">\n\t\t\t\t<div class=\"elementor-widget-container\">\n\t\t\t<h2 class=\"elementor-heading-title elementor-size-xl\">Hist\u00f3rico e caracteriza\u00e7\u00e3o da Creche<\/h2>\t\t<\/div>\n\t\t\t\t<\/div>\n\t\t\t\t\t<\/div>\n\t\t<\/div>\n\t\t\t\t\t\t\t<\/div>\n\t\t<\/section>\n\t\t\t\t<section class=\"elementor-section elementor-top-section elementor-element elementor-element-44e31d1 elementor-section-boxed elementor-section-height-default elementor-section-height-default\" data-id=\"44e31d1\" data-element_type=\"section\">\n\t\t\t\t\t\t<div class=\"elementor-container elementor-column-gap-default\">\n\t\t\t\t\t<div class=\"elementor-column elementor-col-100 elementor-top-column elementor-element elementor-element-6ae3cfe\" data-id=\"6ae3cfe\" data-element_type=\"column\">\n\t\t\t<div class=\"elementor-widget-wrap elementor-element-populated\">\n\t\t\t\t\t\t\t\t<div class=\"elementor-element elementor-element-667c909 elementor-widget elementor-widget-text-editor\" data-id=\"667c909\" data-element_type=\"widget\" data-widget_type=\"text-editor.default\">\n\t\t\t\t<div class=\"elementor-widget-container\">\n\t\t\t\t\t\t\t<p>&nbsp; &nbsp;A Associa\u00e7\u00e3o Evang\u00e9lica Betel foi fundada em 1989 no Jardim das Oliveiras \/ Embu das Artes &#8211; S\u00e3o Paulo, pela uni\u00e3o da comunidade local administra\u00e7\u00e3o p\u00fablica da \u00e9poca e pela igreja evang\u00e9lica da comunidade. Localiza-se na rua: Ilha Comprida, n\u00b0201 \/ Jardim das Oliveiras &#8211; Embu das Artes \/ SP.&nbsp;<\/p>\n<p><br><\/p>\n<p>&nbsp; &nbsp;Estamos atendendo aproximadamente 173 crian\u00e7as na educa\u00e7\u00e3o infantil (Creche) sendo Fases I, II e lll, com idades de 11 meses a 3 anos e 11 meses. A associa\u00e7\u00e3o tem parceria no projeto&nbsp; do Governo Estadual, que atende 57 crian\u00e7as e 21 idosos com o programa Viva Leite.<\/p>\n<p><br><\/p><p>&nbsp; &nbsp;Al\u00e9m disso, possu\u00edmos um conv\u00eanio com a prefeitura de Embu das artes, que \u00e9 utilizado para o pagamento das educadoras registradas pela institui\u00e7\u00e3o.<br><\/p>\n<p><\/p>\n<p>A creche Betel funciona de segunda a sexta-feira das 07:00h \u00e0s 17:00h, durante todo o ano, com as seguintes modalidades de atendimento:<\/p>\n<p><br><\/p>\n<p>&nbsp; &nbsp; &nbsp; &nbsp; &nbsp; &nbsp; &nbsp; &nbsp; &nbsp; &nbsp; &nbsp; &nbsp; &nbsp; &nbsp; &nbsp; &nbsp; &nbsp; &nbsp; &nbsp; &nbsp; &nbsp; &nbsp; &nbsp; &nbsp; &nbsp; &nbsp; &nbsp; &nbsp; &nbsp; &nbsp; &nbsp; &nbsp; &nbsp; &nbsp; &nbsp; &nbsp; &nbsp; &nbsp; &nbsp; &nbsp; &nbsp; &nbsp; &nbsp; &nbsp; &nbsp; &nbsp; &nbsp; &nbsp; &nbsp; &nbsp; &nbsp; &nbsp; &nbsp; &nbsp; &nbsp; &nbsp; &nbsp; &nbsp; &nbsp; &nbsp; &nbsp; Hor\u00e1rio Integral: 07:00h \u00e0s 17:00h.<\/p>\n<p>&nbsp; &nbsp; &nbsp; &nbsp; &nbsp; &nbsp; &nbsp; &nbsp; &nbsp; &nbsp; &nbsp; &nbsp; &nbsp; &nbsp; &nbsp; &nbsp; &nbsp; &nbsp; &nbsp; &nbsp; &nbsp; &nbsp; &nbsp; &nbsp; &nbsp; &nbsp; &nbsp; &nbsp; &nbsp; &nbsp; &nbsp; &nbsp; &nbsp; &nbsp; &nbsp; &nbsp; &nbsp; &nbsp; &nbsp; &nbsp; &nbsp; &nbsp; &nbsp; &nbsp; &nbsp; &nbsp; &nbsp; &nbsp; &nbsp; &nbsp; &nbsp; &nbsp; &nbsp; &nbsp; &nbsp; &nbsp; &nbsp; &nbsp; &nbsp; &nbsp; &nbsp; &nbsp; Parcial manh\u00e3: 07:00h \u00e0s 11:30h.<\/p>\n<p>&nbsp; &nbsp; &nbsp; &nbsp; &nbsp; &nbsp; &nbsp; &nbsp; &nbsp; &nbsp; &nbsp; &nbsp; &nbsp; &nbsp; &nbsp; &nbsp; &nbsp; &nbsp; &nbsp; &nbsp; &nbsp; &nbsp; &nbsp; &nbsp; &nbsp; &nbsp; &nbsp; &nbsp; &nbsp; &nbsp; &nbsp; &nbsp; &nbsp; &nbsp; &nbsp; &nbsp; &nbsp; &nbsp; &nbsp; &nbsp; &nbsp; &nbsp; &nbsp; &nbsp; &nbsp; &nbsp; &nbsp; &nbsp; &nbsp; &nbsp; &nbsp; &nbsp; &nbsp; &nbsp; &nbsp; &nbsp; &nbsp; &nbsp; &nbsp; &nbsp; &nbsp; &nbsp; &nbsp; &nbsp; &nbsp; &nbsp;Tarde: 13:00h \u00e0s 17:00h&nbsp; &nbsp; &nbsp; &nbsp; &nbsp; &nbsp; &nbsp; &nbsp; &nbsp; &nbsp; &nbsp; &nbsp; &nbsp; &nbsp; &nbsp; &nbsp; &nbsp; &nbsp; &nbsp; &nbsp; &nbsp; &nbsp; &nbsp; &nbsp; &nbsp; &nbsp; &nbsp; &nbsp; &nbsp; &nbsp; &nbsp; &nbsp; &nbsp; &nbsp; &nbsp; &nbsp; &nbsp; &nbsp; &nbsp;<\/p>\n<p><br><\/p>\n<p><br><\/p>\n<p><br><\/p>\n<p><br><\/p>\n<p><br><\/p>\n<p><br><\/p>\n<p><\/p>\t\t\t\t\t\t<\/div>\n\t\t\t\t<\/div>\n\t\t\t\t\t<\/div>\n\t\t<\/div>\n\t\t\t\t\t\t\t<\/div>\n\t\t<\/section>\n\t\t\t\t\t\t\t<\/div>\n\t\t","protected":false},"excerpt":{"rendered":"<p>Finalidade e objetivos da institui\u00e7\u00e3o &nbsp; &nbsp;A Associa\u00e7\u00e3o Evang\u00e9lica Betel atua na procura de novas parcerias, doa\u00e7\u00f5es e conv\u00eanios, disponibilizando \u00e0 comunidade ensino de educa\u00e7\u00e3o infantil gratuito e atendimento social. &nbsp; &nbsp;Nosso objetivo \u00e9 comprovar a seriedade da participa\u00e7\u00e3o familiar na vida escolar da crian\u00e7a, formando cidad\u00e3os \u00e9ticos, conscientes e participativos. A proposta pedag\u00f3gica da [&hellip;]<\/p>\n","protected":false},"author":1,"featured_media":0,"parent":0,"menu_order":0,"comment_status":"closed","ping_status":"closed","template":"","meta":{"footnotes":""},"class_list":["post-40","page","type-page","status-publish","hentry"],"aioseo_notices":[],"_links":{"self":[{"href":"https:\/\/crechebetel.com.br\/index.php?rest_route=\/wp\/v2\/pages\/40","targetHints":{"allow":["GET"]}}],"collection":[{"href":"https:\/\/crechebetel.com.br\/index.php?rest_route=\/wp\/v2\/pages"}],"about":[{"href":"https:\/\/crechebetel.com.br\/index.php?rest_route=\/wp\/v2\/types\/page"}],"author":[{"embeddable":true,"href":"https:\/\/crechebetel.com.br\/index.php?rest_route=\/wp\/v2\/users\/1"}],"replies":[{"embeddable":true,"href":"https:\/\/crechebetel.com.br\/index.php?rest_route=%2Fwp%2Fv2%2Fcomments&post=40"}],"version-history":[{"count":35,"href":"https:\/\/crechebetel.com.br\/index.php?rest_route=\/wp\/v2\/pages\/40\/revisions"}],"predecessor-version":[{"id":244,"href":"https:\/\/crechebetel.com.br\/index.php?rest_route=\/wp\/v2\/pages\/40\/revisions\/244"}],"wp:attachment":[{"href":"https:\/\/crechebetel.com.br\/index.php?rest_route=%2Fwp%2Fv2%2Fmedia&parent=40"}],"curies":[{"name":"wp","href":"https:\/\/api.w.org\/{rel}","templated":true}]}}